{"id":744,"date":"2019-05-21T15:04:09","date_gmt":"2019-05-21T14:04:09","guid":{"rendered":"http:\/\/chsab.es\/?page_id=744"},"modified":"2019-05-22T15:14:13","modified_gmt":"2019-05-22T14:14:13","slug":"decalogo","status":"publish","type":"page","link":"https:\/\/chsab.es\/ca\/decalogo\/","title":{"rendered":"Dec\u00e1logo"},"content":{"rendered":"<p>[et_pb_section fb_built=\u00bb1&#8243; _builder_version=\u00bb3.21.4&#8243;][et_pb_row _builder_version=\u00bb3.21.4&#8243;][et_pb_column type=\u00bb1_2&#8243; _builder_version=\u00bb3.21.4&#8243;][et_pb_accordion _builder_version=\u00bb3.21.4&#8243;][et_pb_accordion_item title=\u00bbConsejos para padres de los ni\u00f1os y ni\u00f1as deportistas\u00bb open=\u00bbon\u00bb _builder_version=\u00bb3.21.4&#8243; title_text_shadow_horizontal_length=\u00bb0em\u00bb title_text_shadow_vertical_length=\u00bb0em\u00bb title_text_shadow_blur_strength=\u00bb0em\u00bb body_text_shadow_horizontal_length=\u00bb0em\u00bb body_text_shadow_vertical_length=\u00bb0em\u00bb body_text_shadow_blur_strength=\u00bb0em\u00bb]<\/p>\n<div>\n<table border=\"0\">\n<tbody>\n<tr>\n<td><strong>1.\u00a0<\/strong><strong>No grites<\/strong><\/td>\n<\/tr>\n<\/tbody>\n<\/table>\n<\/div>\n<div>\n<table border=\"0\">\n<tbody>\n<tr>\n<td>Utilizar el grito en el deporte es inadmisible, y en especial cuando se trata de ni\u00f1os.<\/td>\n<\/tr>\n<\/tbody>\n<\/table>\n<\/div>\n<div>\n<div>\n<table border=\"0\">\n<tbody>\n<tr>\n<td><strong>2. Respeta al entrenador\/a<\/strong><\/td>\n<\/tr>\n<\/tbody>\n<\/table>\n<\/div>\n<div>\n<table border=\"0\">\n<tbody>\n<tr>\n<td>El entrenador es la figura m\u00e1s importante durante sus primeros a\u00f1os de pr\u00e1ctica.<\/td>\n<\/tr>\n<\/tbody>\n<\/table>\n<\/div>\n<\/div>\n<div>\n<div>\n<table border=\"0\">\n<tbody>\n<tr>\n<td><strong>3. No menosprecies al \u00e1rbitro<\/strong><\/td>\n<\/tr>\n<\/tbody>\n<\/table>\n<\/div>\n<div>\n<div>\n<table border=\"0\">\n<tbody>\n<tr>\n<td>\u00bfEs posible una competici\u00f3n deportiva sin \u00e1rbitros? Vemos claro su necesidad y valoramos que sea as\u00ed.<\/td>\n<\/tr>\n<\/tbody>\n<\/table>\n<\/div>\n<div>\n<div>\n<table border=\"0\">\n<tbody>\n<tr>\n<td><strong>4. No menosprecies a mis compa\u00f1eros\/as<\/strong><\/td>\n<\/tr>\n<\/tbody>\n<\/table>\n<\/div>\n<div>\n<div>\n<table border=\"0\">\n<tbody>\n<tr>\n<td>Ninguno de nosotros es tan bueno como todos nosotros juntos.<\/td>\n<\/tr>\n<\/tbody>\n<\/table>\n<\/div>\n<div>\n<div>\n<table border=\"0\">\n<tbody>\n<tr>\n<td><strong>5. No pierdas la calma<\/strong><\/td>\n<\/tr>\n<\/tbody>\n<\/table>\n<\/div>\n<div>\n<div>\n<table border=\"0\">\n<tbody>\n<tr>\n<td>Aprender a gestionar el estr\u00e9s asociado a la competici\u00f3n ayuda a rendir m\u00e1s en el deporte.<\/td>\n<\/tr>\n<\/tbody>\n<\/table>\n<\/div>\n<div>\n<div>\n<table border=\"0\">\n<tbody>\n<tr>\n<td><strong>6. Disfruta y r\u00ede vi\u00e9ndome jugar<\/strong><\/td>\n<\/tr>\n<\/tbody>\n<\/table>\n<\/div>\n<div>\n<div>\n<table border=\"0\">\n<tbody>\n<tr>\n<td>El buen aficionado se alegra de la victoria de quien m\u00e1s lo ha merecido.<\/td>\n<\/tr>\n<\/tbody>\n<\/table>\n<\/div>\n<div>\n<div>\n<table border=\"0\">\n<tbody>\n<tr>\n<td><strong>7. No me des lecciones despu\u00e9s del partido<\/strong><\/td>\n<\/tr>\n<\/tbody>\n<\/table>\n<\/div>\n<div>\n<div>\n<table border=\"0\">\n<tbody>\n<tr>\n<td>Generar presi\u00f3n en los hijos es el mejor camino para conducirles a que abandonen.<\/td>\n<\/tr>\n<\/tbody>\n<\/table>\n<\/div>\n<div>\n<table border=\"0\">\n<tbody>\n<tr>\n<td><strong>8. Piensa que siempre quiero hacerlo lo mejor que puedo<\/strong><\/td>\n<\/tr>\n<\/tbody>\n<\/table>\n<\/div>\n<div>\n<div>\n<div>\n<table border=\"0\">\n<tbody>\n<tr>\n<td>Su hijo no es una estrella, es un ni\u00f1o.<\/td>\n<\/tr>\n<\/tbody>\n<\/table>\n<\/div>\n<div>\n<div>\n<table border=\"0\">\n<tbody>\n<tr>\n<td><strong>9. Con tu apoyo ser\u00e9 feliz<\/strong><\/td>\n<\/tr>\n<\/tbody>\n<\/table>\n<\/div>\n<div>\n<table border=\"0\">\n<tbody>\n<tr>\n<td>Solo ap\u00f3yele, gane o pierda, juegue bien o cometa errores.<\/td>\n<\/tr>\n<\/tbody>\n<\/table>\n<\/div>\n<div>\n<table border=\"0\">\n<tbody>\n<tr>\n<td><strong>10. No olvidemos que es s\u00f3lo un juego<\/strong><\/td>\n<\/tr>\n<\/tbody>\n<\/table>\n<\/div>\n<div>\n<table border=\"0\">\n<tbody>\n<tr>\n<td>Los ni\u00f1os deben divertirse con el deporte.<\/td>\n<\/tr>\n<\/tbody>\n<\/table>\n<\/div>\n<\/div>\n<\/div>\n<\/div>\n<\/div>\n<\/div>\n<\/div>\n<\/div>\n<\/div>\n<\/div>\n<\/div>\n<\/div>\n<\/div>\n<\/div>\n<p>[\/et_pb_accordion_item][\/et_pb_accordion][\/et_pb_column][et_pb_column type=\u00bb1_2&#8243; _builder_version=\u00bb3.21.4&#8243;][et_pb_image src=\u00bbhttp:\/\/chsab.es\/wp-content\/uploads\/2019\/05\/IMG-20190407-WA0013.jpg\u00bb _builder_version=\u00bb3.21.4&#8243;][\/et_pb_image][et_pb_image src=\u00bbhttp:\/\/chsab.es\/wp-content\/uploads\/2019\/05\/DSC01234.jpg\u00bb _builder_version=\u00bb3.21.4&#8243;][\/et_pb_image][et_pb_image src=\u00bbhttp:\/\/chsab.es\/wp-content\/uploads\/2019\/05\/DSC01804.jpg\u00bb _builder_version=\u00bb3.21.4&#8243;][\/et_pb_image][et_pb_image align=\u00bbcenter\u00bb src=\u00bbhttp:\/\/chsab.es\/wp-content\/uploads\/2019\/05\/DSC01738.jpg\u00bb _builder_version=\u00bb3.21.4&#8243;][\/et_pb_image][et_pb_image _builder_version=\u00bb3.21.4&#8243;][\/et_pb_image][\/et_pb_column][\/et_pb_row][\/et_pb_section]<\/p>","protected":false},"excerpt":{"rendered":"<p>1.\u00a0No grites Utilizar el grito en el deporte es inadmisible, y en especial cuando se trata de ni\u00f1os. 2. Respeta al entrenador\/a El entrenador es la figura m\u00e1s importante durante sus primeros a\u00f1os de pr\u00e1ctica. 3. No menosprecies al \u00e1rbitro \u00bfEs posible una competici\u00f3n deportiva sin \u00e1rbitros? Vemos claro su necesidad y valoramos que sea [&hellip;]<\/p>","protected":false},"author":3,"featured_media":0,"parent":0,"menu_order":0,"comment_status":"closed","ping_status":"closed","template":"","meta":{"_et_pb_use_builder":"on","_et_pb_old_content":"","_et_gb_content_width":"","footnotes":""},"class_list":["post-744","page","type-page","status-publish","hentry"],"aioseo_notices":[],"_links":{"self":[{"href":"https:\/\/chsab.es\/ca\/wp-json\/wp\/v2\/pages\/744"}],"collection":[{"href":"https:\/\/chsab.es\/ca\/wp-json\/wp\/v2\/pages"}],"about":[{"href":"https:\/\/chsab.es\/ca\/wp-json\/wp\/v2\/types\/page"}],"author":[{"embeddable":true,"href":"https:\/\/chsab.es\/ca\/wp-json\/wp\/v2\/users\/3"}],"replies":[{"embeddable":true,"href":"https:\/\/chsab.es\/ca\/wp-json\/wp\/v2\/comments?post=744"}],"version-history":[{"count":14,"href":"https:\/\/chsab.es\/ca\/wp-json\/wp\/v2\/pages\/744\/revisions"}],"predecessor-version":[{"id":839,"href":"https:\/\/chsab.es\/ca\/wp-json\/wp\/v2\/pages\/744\/revisions\/839"}],"wp:attachment":[{"href":"https:\/\/chsab.es\/ca\/wp-json\/wp\/v2\/media?parent=744"}],"curies":[{"name":"wp","href":"https:\/\/api.w.org\/{rel}","templated":true}]}}