{"id":200,"date":"2019-04-12T17:51:22","date_gmt":"2019-04-12T16:51:22","guid":{"rendered":"http:\/\/chsab.es\/?page_id=200"},"modified":"2019-05-10T08:29:36","modified_gmt":"2019-05-10T07:29:36","slug":"historia-del-club","status":"publish","type":"page","link":"https:\/\/chsab.es\/ca\/historia-del-club\/","title":{"rendered":"Historia del club"},"content":{"rendered":"<p>[et_pb_section fb_built=\u00bb1&#8243; admin_label=\u00bbsection\u00bb _builder_version=\u00bb3.0.47&#8243;][et_pb_row _builder_version=\u00bb3.21.4&#8243;][et_pb_column type=\u00bb1_2&#8243; _builder_version=\u00bb3.21.4&#8243;][et_pb_text _builder_version=\u00bb3.21.4&#8243;]<\/p>\n<p>En 1992 J.M.B junto a un grupo de alumnos de 3\u00ba de BUP del IES \u00a0JJ ORTIZ forman el primer equipo de balonmano en Sant Andreu de la Barca. Este equipo inicialmente formado por 5 amigos fue el germen de lo que m\u00e1s tarde ser\u00eda nuestro club.<\/p>\n<p>Durante los primeros meses de su formaci\u00f3n este grupo de amigos no llega a competir, dedic\u00e1ndose a entrenar y a reclutar m\u00e1s jugadores. El reclutamiento se realiza entre hermanos y amigos, mientras que los entrenos tienen lugar en la antigua pista exterior del Polideportivo Municipal, comparti\u00e9ndola en ocasiones con el f\u00fatbol y el basket.<\/p>\n<p>En el verano de 1993 tiene lugar el debut, cuando juegan su primer partido en el Torneo de Sant Vicen\u00e7 dels Orts representando a la Pe\u00f1a Sevillista. En septiembre de ese mismo a\u00f1o entran en contacto con la Pe\u00f1a Blanc Blava. Pe\u00f1a a la representar\u00edan hasta 1995, a\u00f1o en que finalmente se funda nuestro club bajo el nombre de Club de Handbol Sant Andreu de la Barca. Nuestro club cuenta entonces con un solo equipo en la categor\u00eda s\u00e9nior.<\/p>\n<p>El trabajo de reclutamiento sigue su curso, y fruto de este trabajo es la incorporaci\u00f3n de nuevos y mejores jugadores provenientes de clubs cercanos.<\/p>\n<p>En 2016 el equipo s\u00e9nior masculino consigue finalmente el ascenso a la categor\u00eda de 1\u00aa Catalana. Y en ese mismo a\u00f1o el equipo Cadete masculino juega el Top 4 de la Segunda Catalana, obteniendo la segunda posici\u00f3n.<\/p>\n<p>Desde 1995 hasta la actualidad, han pasado por nuestro club innumerables jugadores. Algunos de los cuales siguen ligados a nuestro club a trav\u00e9s de sus hijos, quienes han cogido el testigo de sus padres y forman parte de la familia del CHSAB. No obstante el trabajo de reclutamiento sigue siendo un objetivo b\u00e1sico, por lo que actualmente disponemos de 5 equipos distribuidos entre las categor\u00edas de pre-benjam\u00edn y m\u00e1ster. \u00a0Sin olvidar la existencia de un equipo femenino.<\/p>\n<p>UNA PASI\u00d3N, UN DEPORTE.<\/p>\n<p>Hablar del Club de Handbol Sant Andreu de la Barca sin dejarte llevar por los sentimientos no es f\u00e1cil. Nos sumimos en ellos para \u201cfotografiar\u201d cada momento, para rendir un sincero homenaje a lo que fuimos, a lo que somos y a lo que esperamos ser. Para todos aquellos que de alguna forma se identifican con una profunda pasi\u00f3n que muchos llevamos dentro, esto es el handbol.<\/p>\n<p>&nbsp;<\/p>\n<p>[\/et_pb_text][\/et_pb_column][et_pb_column type=\u00bb1_2&#8243; _builder_version=\u00bb3.21.4&#8243;][et_pb_image src=\u00bbhttp:\/\/chsab.es\/wp-content\/uploads\/2019\/05\/DSC01639.jpg\u00bb _builder_version=\u00bb3.21.4&#8243;][\/et_pb_image][et_pb_image src=\u00bbhttp:\/\/chsab.es\/wp-content\/uploads\/2019\/05\/DSC01657.jpg\u00bb _builder_version=\u00bb3.21.4&#8243;][\/et_pb_image][et_pb_image src=\u00bbhttp:\/\/chsab.es\/wp-content\/uploads\/2019\/05\/DSC01688.jpg\u00bb _builder_version=\u00bb3.21.4&#8243;][\/et_pb_image][\/et_pb_column][\/et_pb_row][\/et_pb_section]<\/p>","protected":false},"excerpt":{"rendered":"<p>En 1992 J.M.B junto a un grupo de alumnos de 3\u00ba de BUP del IES \u00a0JJ ORTIZ forman el primer equipo de balonmano en Sant Andreu de la Barca. Este equipo inicialmente formado por 5 amigos fue el germen de lo que m\u00e1s tarde ser\u00eda nuestro club. Durante los primeros meses de su formaci\u00f3n este [&hellip;]<\/p>","protected":false},"author":2,"featured_media":0,"parent":0,"menu_order":0,"comment_status":"closed","ping_status":"closed","template":"","meta":{"_et_pb_use_builder":"on","_et_pb_old_content":"pirjgopjkvkojdsojvkhcxijvlkcxklvjlxvkjcxl l\r\n\r\nlsjvl\u00f1jl\u00f1vk\u00b4xkc\u00b4\u00f1vkxc\u00f1vk\u00f1\u00b4cxlv\u00f1\u00b4clx\u00e7\u00b4v\u00f1xzv\u00b4\u00e7clz <iframe src=\"https:\/\/www.youtube.com\/embed\/yVfm2twvzz4\" width=\"560\" height=\"315\" frameborder=\"0\" allowfullscreen=\"allowfullscreen\"><\/iframe>\r\n\r\nkwdjshjdsjvnkjbdsvj djv\u00f1ldskhsv soijsd\u00f1vlmfnd","_et_gb_content_width":"","footnotes":""},"class_list":["post-200","page","type-page","status-publish","hentry"],"aioseo_notices":[],"_links":{"self":[{"href":"https:\/\/chsab.es\/ca\/wp-json\/wp\/v2\/pages\/200"}],"collection":[{"href":"https:\/\/chsab.es\/ca\/wp-json\/wp\/v2\/pages"}],"about":[{"href":"https:\/\/chsab.es\/ca\/wp-json\/wp\/v2\/types\/page"}],"author":[{"embeddable":true,"href":"https:\/\/chsab.es\/ca\/wp-json\/wp\/v2\/users\/2"}],"replies":[{"embeddable":true,"href":"https:\/\/chsab.es\/ca\/wp-json\/wp\/v2\/comments?post=200"}],"version-history":[{"count":5,"href":"https:\/\/chsab.es\/ca\/wp-json\/wp\/v2\/pages\/200\/revisions"}],"predecessor-version":[{"id":634,"href":"https:\/\/chsab.es\/ca\/wp-json\/wp\/v2\/pages\/200\/revisions\/634"}],"wp:attachment":[{"href":"https:\/\/chsab.es\/ca\/wp-json\/wp\/v2\/media?parent=200"}],"curies":[{"name":"wp","href":"https:\/\/api.w.org\/{rel}","templated":true}]}}