{"id":1437,"date":"2024-04-19T18:49:20","date_gmt":"2024-04-19T17:49:20","guid":{"rendered":"https:\/\/chsab.es\/?page_id=1437"},"modified":"2024-05-20T18:39:21","modified_gmt":"2024-05-20T17:39:21","slug":"inscripciones","status":"publish","type":"page","link":"https:\/\/chsab.es\/ca\/inscripciones\/","title":{"rendered":"Inscripciones 2024-2025"},"content":{"rendered":"<p>[et_pb_section fb_built=\u00bb1&#8243; admin_label=\u00bbsection\u00bb _builder_version=\u00bb4.16&#8243; global_colors_info=\u00bb{}\u00bb][et_pb_row _builder_version=\u00bb4.16&#8243; global_colors_info=\u00bb{}\u00bb][et_pb_column type=\u00bb4_4&#8243; _builder_version=\u00bb4.16&#8243; custom_padding=\u00bb|||\u00bb global_colors_info=\u00bb{}\u00bb custom_padding__hover=\u00bb|||\u00bb][et_pb_text _builder_version=\u00bb4.23.1&#8243; hover_enabled=\u00bb0&#8243; global_colors_info=\u00bb{}\u00bb sticky_enabled=\u00bb0&#8243;]<\/p>\n<p class=\"tw-data-text tw-text-large tw-ta\" data-placeholder=\"Traducci\u00f3n\" id=\"tw-target-text\" aria-label=\"Texto traducido\" data-ved=\"2ahUKEwjo59u14JyGAxV98gIHHbrQAGEQ3ewLegQICBAU\" dir=\"ltr\"><span class=\"Y2IQFc\" lang=\"ca\">El 1992 J.M.B juntament amb un grup d&#8217;alumnes de 3r de BUP de l&#8217;IES JJ ORTIZ<br \/>formen el primer equip d&#8217;handbol a Sant Andreu de la Barca.<br \/>Aquest equip inicialment format per 5 amics va ser el<br \/>germen del que m\u00e9s tard seria el nostre club. <\/span><\/p>\n<p class=\"tw-data-text tw-text-large tw-ta\" data-placeholder=\"Traducci\u00f3n\" aria-label=\"Texto traducido\" data-ved=\"2ahUKEwjo59u14JyGAxV98gIHHbrQAGEQ3ewLegQICBAU\" dir=\"ltr\"><span class=\"Y2IQFc\" lang=\"ca\">Durant els primers mesos de formaci\u00f3 aquest grup<br \/>d&#8217;amics no arriba a competir, dedicant-se a entrenar<br \/>ia reclutar m\u00e9s jugadors. El reclutament es realitza<br \/>entre germans i amics, mentre que els entrenaments<br \/>tenen lloc a l&#8217;antiga pista exterior del Poliesportiu<br \/>Municipal, compartint-la de vegades amb el futbol<br \/>i el b\u00e0squet. A l&#8217;estiu de 1993 t\u00e9 lloc el debut, quan juguen el<br \/>seu primer partit al Torneig de Sant Vicen\u00e7 dels Orts<br \/>representant la Penya Sevillista.<\/span><\/p>\n<p class=\"tw-data-text tw-text-large tw-ta\" data-placeholder=\"Traducci\u00f3n\" aria-label=\"Texto traducido\" data-ved=\"2ahUKEwjo59u14JyGAxV98gIHHbrQAGEQ3ewLegQICBAU\" dir=\"ltr\"><span class=\"Y2IQFc\" lang=\"ca\">Al setembre d&#8217;aquell<br \/>mateix any entren en contacte amb la Penya Blanc Blava.<br \/>Penya a la representarien fins al 1995, any en qu\u00e8 finalment<br \/>es funda el nostre club sota el nom<br \/>de Club de Handbol Sant Andreu de la Barca.<br \/>Aleshores el nostre club compta amb un sol \u2014o en<br \/>la categoria s\u00e8nior. El treball de reclutament segueix el curs,<br \/>i fruit d&#8217;aquest treball \u00e9s la incorporaci\u00f3<br \/>de nous i millors jugadors provinents de clubs propers. <\/span><\/p>\n<p class=\"tw-data-text tw-text-large tw-ta\" data-placeholder=\"Traducci\u00f3n\" aria-label=\"Texto traducido\" data-ved=\"2ahUKEwjo59u14JyGAxV98gIHHbrQAGEQ3ewLegQICBAU\" dir=\"ltr\"><span class=\"Y2IQFc\" lang=\"ca\">El 2016 l&#8217;equip s\u00e8nior mascul\u00ed aconsegueix finalment<br \/>l&#8217;ascens a la categoria de 1a Catalana. I aquest mateix<br \/>any l&#8217;equip Cadet mascul\u00ed juga el Top 4 de la<br \/>Segona Catalana, obtenint la segona posici\u00f3. <\/span><\/p>\n<p class=\"tw-data-text tw-text-large tw-ta\" data-placeholder=\"Traducci\u00f3n\" aria-label=\"Texto traducido\" data-ved=\"2ahUKEwjo59u14JyGAxV98gIHHbrQAGEQ3ewLegQICBAU\" dir=\"ltr\"><span class=\"Y2IQFc\" lang=\"ca\">Des del 1995 fins a l&#8217;actualitat, han passat<br \/>pel nostre club innombrables jugadors.<br \/>Alguns dels quals segueixen lligats al nostre<br \/>club a trav\u00e9s dels seus fills, que han agafat<br \/>el testimoni dels seus pares i formen part de<br \/>la fam\u00edlia del CHSAB. Tot i aix\u00f2 el treball<br \/>de reclutament segueix sent un objectiu b\u00e0sic,<br \/>per la qual cosa actualment disposem de 5 equips<br \/>distribu\u00efts entre les categories de pre-benjam\u00ed<br \/>i m\u00e0ster. Sense oblidar l\u00b4exist\u00e8ncia d\u00b4un equip femen\u00ed. <\/span><\/p>\n<p class=\"tw-data-text tw-text-large tw-ta\" data-placeholder=\"Traducci\u00f3n\" aria-label=\"Texto traducido\" data-ved=\"2ahUKEwjo59u14JyGAxV98gIHHbrQAGEQ3ewLegQICBAU\" dir=\"ltr\"><span class=\"Y2IQFc\" lang=\"ca\">UNA PASSI\u00d3, UN ESPORT. Parlar del Club de Handbol Sant Andreu de la Barca<br \/>sense deixar-te emportar pels sentiments no \u00e9s f\u00e0cil.<br \/>Ens hi sumim per \u201cfotografiar\u201d cada moment, per rendir<br \/>un sincer homenatge al que vam ser, al que som i al que esperem ser.<br \/>Per a tots aquells que d&#8217;alguna manera s&#8217;identifiquen amb<br \/>una passi\u00f3 profunda que molts portem a dins, aix\u00f2 \u00e9s el handbol.<\/span><\/p>\n<p>&nbsp;<\/p>\n<p>[\/et_pb_text][\/et_pb_column][\/et_pb_row][et_pb_row column_structure=\u00bb1_2,1_2&#8243; _builder_version=\u00bb4.23.1&#8243; _module_preset=\u00bbdefault\u00bb global_colors_info=\u00bb{}\u00bb][et_pb_column type=\u00bb1_2&#8243; _builder_version=\u00bb4.23.1&#8243; _module_preset=\u00bbdefault\u00bb global_colors_info=\u00bb{}\u00bb][et_pb_button url_new_window=\u00bbon\u00bb button_text=\u00bbFULL D\u00b4 INSCRPICIONS MENORS\u00bb button_alignment=\u00bbcenter\u00bb _builder_version=\u00bb4.23.1&#8243; _module_preset=\u00bbdefault\u00bb hover_enabled=\u00bb0&#8243; global_colors_info=\u00bb{}\u00bb sticky_enabled=\u00bb0&#8243;][\/et_pb_button][\/et_pb_column][et_pb_column type=\u00bb1_2&#8243; _builder_version=\u00bb4.23.1&#8243; _module_preset=\u00bbdefault\u00bb global_colors_info=\u00bb{}\u00bb][et_pb_button url_new_window=\u00bbon\u00bb button_text=\u00bbFULL D\u00b4INSCRIPCIONS  +18&#8243; button_alignment=\u00bbcenter\u00bb _builder_version=\u00bb4.23.1&#8243; _module_preset=\u00bbdefault\u00bb hover_enabled=\u00bb0&#8243; global_colors_info=\u00bb{}\u00bb sticky_enabled=\u00bb0&#8243;][\/et_pb_button][\/et_pb_column][\/et_pb_row][\/et_pb_section]<\/p>","protected":false},"excerpt":{"rendered":"<p>El 1992 J.M.B juntament amb un grup d&#8217;alumnes de 3r de BUP de l&#8217;IES JJ ORTIZformen el primer equip d&#8217;handbol a Sant Andreu de la Barca.Aquest equip inicialment format per 5 amics va ser elgermen del que m\u00e9s tard seria el nostre club. Durant els primers mesos de formaci\u00f3 aquest grupd&#8217;amics no arriba a competir, [&hellip;]<\/p>","protected":false},"author":2,"featured_media":0,"parent":0,"menu_order":0,"comment_status":"closed","ping_status":"closed","template":"","meta":{"_et_pb_use_builder":"on","_et_pb_old_content":"pirjgopjkvkojdsojvkhcxijvlkcxklvjlxvkjcxl l\r\n\r\nlsjvl\u00f1jl\u00f1vk\u00b4xkc\u00b4\u00f1vkxc\u00f1vk\u00f1\u00b4cxlv\u00f1\u00b4clx\u00e7\u00b4v\u00f1xzv\u00b4\u00e7clz <iframe src=\"https:\/\/www.youtube.com\/embed\/yVfm2twvzz4\" width=\"560\" height=\"315\" frameborder=\"0\" allowfullscreen=\"allowfullscreen\"><\/iframe>\r\n\r\nkwdjshjdsjvnkjbdsvj djv\u00f1ldskhsv soijsd\u00f1vlmfnd","_et_gb_content_width":"","footnotes":""},"class_list":["post-1437","page","type-page","status-publish","hentry"],"aioseo_notices":[],"_links":{"self":[{"href":"https:\/\/chsab.es\/ca\/wp-json\/wp\/v2\/pages\/1437"}],"collection":[{"href":"https:\/\/chsab.es\/ca\/wp-json\/wp\/v2\/pages"}],"about":[{"href":"https:\/\/chsab.es\/ca\/wp-json\/wp\/v2\/types\/page"}],"author":[{"embeddable":true,"href":"https:\/\/chsab.es\/ca\/wp-json\/wp\/v2\/users\/2"}],"replies":[{"embeddable":true,"href":"https:\/\/chsab.es\/ca\/wp-json\/wp\/v2\/comments?post=1437"}],"version-history":[{"count":3,"href":"https:\/\/chsab.es\/ca\/wp-json\/wp\/v2\/pages\/1437\/revisions"}],"predecessor-version":[{"id":1470,"href":"https:\/\/chsab.es\/ca\/wp-json\/wp\/v2\/pages\/1437\/revisions\/1470"}],"wp:attachment":[{"href":"https:\/\/chsab.es\/ca\/wp-json\/wp\/v2\/media?parent=1437"}],"curies":[{"name":"wp","href":"https:\/\/api.w.org\/{rel}","templated":true}]}}