{"id":1304,"date":"2023-01-26T16:54:39","date_gmt":"2023-01-26T15:54:39","guid":{"rendered":"https:\/\/chsab.es\/?page_id=1304"},"modified":"2023-01-26T16:58:42","modified_gmt":"2023-01-26T15:58:42","slug":"cookies","status":"publish","type":"page","link":"https:\/\/chsab.es\/ca\/cookies\/","title":{"rendered":"Pol\u00edtica de cookies"},"content":{"rendered":"<p>[et_pb_section fb_built=\u00bb1&#8243; _builder_version=\u00bb4.19.4&#8243; _module_preset=\u00bbdefault\u00bb global_colors_info=\u00bb{}\u00bb][et_pb_row _builder_version=\u00bb4.19.4&#8243; _module_preset=\u00bbdefault\u00bb global_colors_info=\u00bb{}\u00bb][et_pb_column type=\u00bb4_4&#8243; _builder_version=\u00bb4.19.4&#8243; _module_preset=\u00bbdefault\u00bb global_colors_info=\u00bb{}\u00bb][et_pb_post_title meta=\u00bboff\u00bb featured_image=\u00bboff\u00bb _builder_version=\u00bb4.19.4&#8243; _module_preset=\u00bbdefault\u00bb global_colors_info=\u00bb{}\u00bb][\/et_pb_post_title][\/et_pb_column][\/et_pb_row][et_pb_row _builder_version=\u00bb4.19.4&#8243; _module_preset=\u00bbdefault\u00bb hover_enabled=\u00bb0&#8243; global_colors_info=\u00bb{}\u00bb custom_padding=\u00bb|||9px||\u00bb sticky_enabled=\u00bb0&#8243; min_height=\u00bb1731px\u00bb][et_pb_column type=\u00bb4_4&#8243; _builder_version=\u00bb4.19.4&#8243; _module_preset=\u00bbdefault\u00bb global_colors_info=\u00bb{}\u00bb][et_pb_text _builder_version=\u00bb4.19.4&#8243; _module_preset=\u00bbdefault\u00bb hover_enabled=\u00bb0&#8243; sticky_enabled=\u00bb0&#8243; custom_padding=\u00bb||0px|||\u00bb]<\/p>\n<ol>\n<li style=\"text-align: justify;\"><strong> <\/strong><br \/>\n<h3><strong>GENERAL<\/strong><\/h3>\n<\/li>\n<\/ol>\n<p style=\"font-weight: 400; text-align: justify;\">La presente pol\u00edtica de cookies tiene por finalidad informarle de manera clara y precisa sobre las cookies que se utilizan en esta p\u00e1gina web.<\/p>\n<p style=\"font-weight: 400; text-align: justify;\"><strong>\u00bfQu\u00e9 son las cookies?<\/strong><\/p>\n<p style=\"font-weight: 400; text-align: justify;\">Las cookies son ficheros o archivos que se descargan y almacenan en el ordenador\/ Smartphone \/ Tablet del usuario cuando \u00e9ste accede a determinadas p\u00e1ginas web. Las cookies permiten almacenar ciertos datos sobre el dispositivo del usuario, par\u00e1metros o configuraci\u00f3n del mismo o su navegador, as\u00ed como informaci\u00f3n sobre b\u00fasquedas, interacciones, contenidos mostrados y el resto de acciones o sucesos que tienen lugar durante la navegaci\u00f3n web. Estos datos podr\u00e1n ser actualizados y recuperados por el responsable de su instalaci\u00f3n (o incluso por terceros) con distintas finalidades, como por ejemplo, obtener informaci\u00f3n sobre los h\u00e1bitos de navegaci\u00f3n del usuario, ver qu\u00e9 p\u00e1ginas han sido visitadas, momento en que se efect\u00faa la conexi\u00f3n, la localizaci\u00f3n vinculada a la direcci\u00f3n IP desde la que se realiza la conexi\u00f3n, el n\u00famero de nuevos usuarios, la frecuencia y reincidencia de las visitas, la duraci\u00f3n de las visitas, el navegador o el operador de red o tipo de terminal desde el que se realiza la visita, analizar el funcionamiento y respuesta de p\u00e1ginas, detectar problemas t\u00e9cnicos, etc. Estos datos pueden ser objeto de tratamiento posterior y, conjuntamente con la informaci\u00f3n de otros usuarios, realizar la creaci\u00f3n y segmentaci\u00f3n de perfiles, anal\u00edtica de datos, valoraciones y extrapolaciones en funci\u00f3n de informaci\u00f3n agregada.<\/p>\n<p style=\"font-weight: 400; text-align: justify;\">Las cookies pueden clasificarse en tres categor\u00edas diferentes:<\/p>\n<p style=\"font-weight: 400; text-align: justify;\"><u>Seg\u00fan la entidad que la gestiona:<\/u><br \/><strong>Cookies propias:<\/strong>\u00a0son aquellas que se env\u00edan a su dispositivo desde nuestros propios equipos o dominios.<br \/><strong>Cookies de terceros:<\/strong>\u00a0son aquellas que se env\u00edan a su dispositivo desde un equipo o dominio que no es gestionado por nosotros, sino por otra entidad colaboradora. Como, por ejemplo, las usadas por redes sociales o las de Google Analytics.<\/p>\n<p style=\"font-weight: 400; text-align: justify;\"><u>Seg\u00fan el plazo de tiempo que permanecen activadas:<\/u><br \/><strong>Cookies de sesi\u00f3n:<\/strong>\u00a0son cookies temporales que permanecen en el archivo de cookies de su navegador hasta que abandona la p\u00e1gina web, momento en el que son eliminadas.<br \/><strong>Cookies persistentes:<\/strong>\u00a0son almacenadas internamente en su dispositivo incluso al finalizar la navegaci\u00f3n web, y son objeto de consulta cada vez que realiza una nueva visita. Una cookie permanente posee una fecha de expiraci\u00f3n determinada, llegada la cual dejar\u00e1 de funcionar.<\/p>\n<p style=\"font-weight: 400; text-align: justify;\"><u>Seg\u00fan su finalidad:<\/u><br \/><strong>Cookies t\u00e9cnicas:<\/strong>\u00a0son aquellas que permiten la ejecuci\u00f3n de funcionalidades, opciones o servicios de la web vinculadas a los propios servicios de la misma como, por ejemplo, controlar el tr\u00e1fico y la comunicaci\u00f3n de datos, identificar la sesi\u00f3n, contar visitas, utilizar elementos de seguridad durante la navegaci\u00f3n, o compartir contenidos a trav\u00e9s de redes sociales.<br \/><strong>Cookies de preferencias o personalizaci\u00f3n:<\/strong>\u00a0son aquellas que permiten acceder al servicio con unas caracter\u00edsticas predefinidas en funci\u00f3n de criterios determinados por el responsable de la web, como por ejemplo el idioma, el tipo de navegador a trav\u00e9s del cual se accede al servicio, su configuraci\u00f3n regional, etc.<br \/><strong>Cookies de an\u00e1lisis o medici\u00f3n:<\/strong>\u00a0son aquellas que nos permiten cuantificar el n\u00famero de usuarios, visitas o acciones, y as\u00ed realizar la medici\u00f3n y an\u00e1lisis estad\u00edstico y cuantitativo de la utilizaci\u00f3n que hacen los usuarios de la web y sus contenidos.<br \/><strong>Cookies publicitarias:<\/strong>\u00a0son las que permiten gestionar el funcionamiento de los espacios e inserciones publicitarias, sin tener en cuenta un perfilado espec\u00edfico del usuario.<br \/><strong>Cookies de publicidad comportamental:<\/strong>\u00a0son aquellas que almacenan informaci\u00f3n relacionada con el comportamiento de los usuarios obtenida a trav\u00e9s de la observaci\u00f3n continuada de sus h\u00e1bitos de navegaci\u00f3n, lo que permite desarrollar un perfil espec\u00edfico para mostrar publicidad en funci\u00f3n del mismo.<\/p>\n<h3>2.\u00a0\u00a0\u00a0\u00a0 BASES LEGITIMADORAS DEL TRATAMIENTO DE LOS DATOS OBTENIDOS POR MEDIO DE COOKIES Y TECNOLOG\u00cdAS SIMILARES<\/h3>\n<p style=\"font-weight: 400; text-align: justify;\">De conformidad con lo dispuesto en la Ley 34\/2002, de 11 de julio, de Servicios de la Sociedad de la Informaci\u00f3n y Comercio Electr\u00f3nico (en adelante, LSSI), <strong>CLUB HANDBOL SANT ANDREU DE LA BARCA<\/strong> est\u00e1 habilitada para el uso de dispositivos de almacenamiento y recuperaci\u00f3n de datos (\u201ccookies\u201d) siempre y cuando se obtenga el consentimiento de los usuarios tras haberles proporcionado informaci\u00f3n clara y completa sobre su utilizaci\u00f3n.<\/p>\n<p style=\"font-weight: 400; text-align: justify;\">El consentimiento del usuario es, por tanto, la principal -aunque no \u00fanica- base jur\u00eddica que legitima tanto la instalaci\u00f3n y uso de cookies como el acceso a los datos por \u00e9stas obtenidos y su posterior tratamiento.<\/p>\n<p style=\"font-weight: 400; text-align: justify;\">El rechazo, bloqueo o eliminaci\u00f3n de las cookies impedir\u00e1 que realicemos un an\u00e1lisis exhaustivo de la navegaci\u00f3n y tr\u00e1fico web, la presentaci\u00f3n de contenidos personalizados y resto de finalidades indicadas, pero no impedir\u00e1, en concreto, que se muestre publicidad.<\/p>\n<p style=\"font-weight: 400; text-align: justify;\">Al margen de lo anterior, utilizamos cookies que no requieren consentimiento, en particular por ser necesarias por motivos t\u00e9cnicos, para permitir la comunicaci\u00f3n entre el equipo del usuario y la red, prestar un servicio y\/o ejecutar una funcionalidad ligada o vinculada a una petici\u00f3n expresa del usuario. A modo de ejemplo, se incluir\u00edan dentro de este grupo las cookies de entrada del usuario, cookies de autenticaci\u00f3n, identificaci\u00f3n y mantenimiento de sesi\u00f3n del usuario, las cookies t\u00e9cnicas necesarias para servir contenidos audiovisuales y publicitarios, las de seguridad, idioma, equilibrio de carga de datos, adaptaci\u00f3n o personalizaci\u00f3n de la interfaz del usuario, o las cookies para intercambiar contenidos en redes sociales. En todos estos casos, la base legitimadora para el tratamiento ser\u00e1 la prestaci\u00f3n de un servicio o la aplicaci\u00f3n de medidas precontractuales o, cuando no proceda, nuestro inter\u00e9s leg\u00edtimo en t\u00e9rminos de optimizaci\u00f3n del servicio, an\u00e1lisis y mercadotecnia.<\/p>\n<p style=\"font-weight: 400; text-align: justify;\">Adicionalmente, utilizamos cookies anal\u00edticas y de estad\u00edstica, para la identificaci\u00f3n de usuarios en distintos dispositivos y entornos, o para implementar, gestionar y medir campa\u00f1as y acciones de Marketing conforme a nuestro inter\u00e9s leg\u00edtimo cuando legalmente est\u00e9 permitido.<\/p>\n<h3>3.\u00a0\u00a0\u00a0\u00a0 ACTUALIZACI\u00d3N<\/h3>\n<p style=\"font-weight: 400; text-align: justify;\">La informaci\u00f3n anterior ha sido elaborada siguiendo las directrices de la Agencia Espa\u00f1ola de Protecci\u00f3n de Datos.<\/p>\n<p style=\"font-weight: 400; text-align: justify;\">Como regla general, siempre que un consentimiento haya sido obtenido de forma l\u00edcita y leg\u00edtima por medio de este sitio web, no ser\u00e1 necesario obtenerlo cada vez que el usuario lo visite de nuevo y hasta que haya expirado el plazo de duraci\u00f3n de la correspondiente cookie.<\/p>\n<p style=\"font-weight: 400; text-align: justify;\">De cualquier modo, ante cualquier modificaci\u00f3n en las finalidades de uso de las cookies propias o de terceros, nuevos actores o tratamientos, se proceder\u00e1 a actualizar la presente Pol\u00edtica de Cookies y\/o la informaci\u00f3n accesible a trav\u00e9s de la plataforma de gesti\u00f3n de consentimiento, y a recabar de nuevo el consentimiento de conformidad con los nuevos t\u00e9rminos establecidos.<\/p>\n<p style=\"font-weight: 400; text-align: justify;\">Las cookies mostradas se corresponden con las obtenidas en la \u00faltima revisi\u00f3n, por lo que dicha relaci\u00f3n podr\u00eda no estar debidamente actualizada en todo momento. En todo caso, si identifica alguna cookie o tratamiento que pudiera no estar informado puede ponerse en contacto con <strong>CLUB HANDBOL SANT ANDREU DE LA BARCA<\/strong>mediante nuestro e-mail: <strong>chsab@chsab.es<\/strong><\/p>\n<p>[\/et_pb_text][\/et_pb_column][\/et_pb_row][\/et_pb_section]<\/p>","protected":false},"excerpt":{"rendered":"<p>GENERAL La presente pol\u00edtica de cookies tiene por finalidad informarle de manera clara y precisa sobre las cookies que se utilizan en esta p\u00e1gina web. \u00bfQu\u00e9 son las cookies? Las cookies son ficheros o archivos que se descargan y almacenan en el ordenador\/ Smartphone \/ Tablet del usuario cuando \u00e9ste accede a determinadas p\u00e1ginas web. [&hellip;]<\/p>","protected":false},"author":2,"featured_media":0,"parent":0,"menu_order":0,"comment_status":"closed","ping_status":"closed","template":"","meta":{"_et_pb_use_builder":"on","_et_pb_old_content":"","_et_gb_content_width":"","footnotes":""},"class_list":["post-1304","page","type-page","status-publish","hentry"],"aioseo_notices":[],"_links":{"self":[{"href":"https:\/\/chsab.es\/ca\/wp-json\/wp\/v2\/pages\/1304"}],"collection":[{"href":"https:\/\/chsab.es\/ca\/wp-json\/wp\/v2\/pages"}],"about":[{"href":"https:\/\/chsab.es\/ca\/wp-json\/wp\/v2\/types\/page"}],"author":[{"embeddable":true,"href":"https:\/\/chsab.es\/ca\/wp-json\/wp\/v2\/users\/2"}],"replies":[{"embeddable":true,"href":"https:\/\/chsab.es\/ca\/wp-json\/wp\/v2\/comments?post=1304"}],"version-history":[{"count":3,"href":"https:\/\/chsab.es\/ca\/wp-json\/wp\/v2\/pages\/1304\/revisions"}],"predecessor-version":[{"id":1309,"href":"https:\/\/chsab.es\/ca\/wp-json\/wp\/v2\/pages\/1304\/revisions\/1309"}],"wp:attachment":[{"href":"https:\/\/chsab.es\/ca\/wp-json\/wp\/v2\/media?parent=1304"}],"curies":[{"name":"wp","href":"https:\/\/api.w.org\/{rel}","templated":true}]}}