{"id":1165,"date":"2020-07-12T16:35:20","date_gmt":"2020-07-12T15:35:20","guid":{"rendered":"http:\/\/chsab.es\/?page_id=1165"},"modified":"2021-09-03T12:15:29","modified_gmt":"2021-09-03T11:15:29","slug":"horaris-entrenamients","status":"publish","type":"page","link":"https:\/\/chsab.es\/ca\/horaris-entrenamients\/","title":{"rendered":"Horaris Entrenaments"},"content":{"rendered":"<h1 style=\"text-align: center;\"><\/h1>\n<h2 style=\"text-align: center;\">Temporada 2021-2022<\/h2>\n<p>&nbsp;<\/p>\n<p>&nbsp;<\/p>\n<table style=\"height: 1167px;\" width=\"879\">\n<tbody>\n<tr>\n<td width=\"114\">\n<h4 style=\"text-align: center;\"><strong>Equips<\/strong><\/h4>\n<\/td>\n<td style=\"text-align: center;\" width=\"114\">\n<h4><strong>Dies<\/strong><\/h4>\n<\/td>\n<td style=\"text-align: center;\" width=\"114\">\n<h4><strong>Horari<\/strong><\/h4>\n<\/td>\n<td style=\"text-align: center;\" width=\"114\">\n<h4><strong>Pista d&#8217;entrenamient<\/strong><\/h4>\n<\/td>\n<td style=\"text-align: center;\" width=\"114\">\n<h4 style=\"text-align: center;\"><strong>Competici\u00f3<\/strong><\/h4>\n<\/td>\n<\/tr>\n<tr>\n<td width=\"114\">\n<h4 style=\"text-align: center;\"><strong>Prebenjam\u00ed mixte<\/strong><\/h4>\n<h4 style=\"text-align: center;\">(2014-2015)<\/h4>\n<\/td>\n<td width=\"114\">\n<h4 style=\"text-align: center;\">Dimecres<\/h4>\n<p>&nbsp;<\/p>\n<h4 style=\"text-align: center;\">Dilluns i Divendres<\/h4>\n<\/td>\n<td width=\"114\">\n<h4 style=\"text-align: center;\">De 18 a 19<\/h4>\n<h4 style=\"text-align: center;\"><\/h4>\n<h4 style=\"text-align: center;\">De 18 a 19<\/h4>\n<\/td>\n<td width=\"114\">\n<h4 style=\"text-align: center;\"><strong>Complex poliesportiu l&#8217;11 <\/strong><strong>C\/Bonaventura pedemonte s\/n<\/strong><\/h4>\n<h4 style=\"text-align: center;\"><strong>Poliesportiu de la Comand\u00e0ncia de la Gu\u00e0rdia C\u00edvil<\/strong><\/h4>\n<h4 style=\"text-align: center;\"><\/h4>\n<\/td>\n<td width=\"114\">\n<h4 style=\"text-align: center;\"><\/h4>\n<\/td>\n<\/tr>\n<tr>\n<td width=\"114\">\n<h4 style=\"text-align: center;\"><strong>Benjam\u00ed mixte<\/strong><\/h4>\n<h4 style=\"text-align: center;\">(2012 &#8211; 2013)<\/h4>\n<\/td>\n<td width=\"114\">\n<h4 style=\"text-align: center;\">Dimecres<\/h4>\n<p>&nbsp;<\/p>\n<h4 style=\"text-align: center;\">Dilluns i Divendres<\/h4>\n<\/td>\n<td width=\"114\">\n<h4 style=\"text-align: center;\">De 18 a 19<\/h4>\n<h4 style=\"text-align: center;\"><\/h4>\n<h4 style=\"text-align: center;\">De 18 a 19<\/h4>\n<\/td>\n<td width=\"114\">\n<h4 style=\"text-align: center;\"><strong>Complex poliesportiu l&#8217;11 <\/strong><strong>C\/Bonaventura pedemonte s\/n<\/strong><\/h4>\n<h4 style=\"text-align: center;\"><strong>Poliesportiu de la Comand\u00e0ncia de la Gu\u00e0rdia C\u00edvil<\/strong><\/h4>\n<\/td>\n<td width=\"114\">\n<h4 style=\"text-align: center;\"><\/h4>\n<\/td>\n<\/tr>\n<tr>\n<td width=\"114\">\n<h4 style=\"text-align: center;\"><strong>Alev\u00ed Mixte<\/strong><\/h4>\n<h4 style=\"text-align: center;\">(2010 &#8211; 2011)<\/h4>\n<\/td>\n<td width=\"114\">\n<h4 style=\"text-align: center;\"><\/h4>\n<h4 style=\"text-align: center;\">Dimecres<\/h4>\n<p>&nbsp;<\/p>\n<h4 style=\"text-align: center;\">Dilluns i Divendres<\/h4>\n<h4 style=\"text-align: center;\"><\/h4>\n<\/td>\n<td width=\"114\">\n<h4 style=\"text-align: center;\">De 18 a 19<\/h4>\n<h4 style=\"text-align: center;\"><\/h4>\n<h4 style=\"text-align: center;\">De 18 a 19<\/h4>\n<\/td>\n<td width=\"114\">\n<h4 style=\"text-align: center;\"><strong>Complex poliesportiu l&#8217;11 <\/strong><strong>C\/Bonaventura pedemonte s\/n<\/strong><\/h4>\n<h4 style=\"text-align: center;\"><strong>Poliesportiu de la Comand\u00e0ncia de la Gu\u00e0rdia C\u00edvil<\/strong><\/h4>\n<\/td>\n<td width=\"114\">\n<h4 style=\"text-align: center;\"><\/h4>\n<\/td>\n<\/tr>\n<tr>\n<td width=\"114\">\n<h4 style=\"text-align: center;\"><strong>Infantil mixte<\/strong><\/h4>\n<h4 style=\"text-align: center;\">(2008 &#8211; 2009)<\/h4>\n<\/td>\n<td width=\"114\">\n<h4><\/h4>\n<h4 style=\"text-align: center;\">Dimecres<\/h4>\n<p>&nbsp;<\/p>\n<h4 style=\"text-align: center;\">Dilluns i Divendres<\/h4>\n<h4 style=\"text-align: center;\"><\/h4>\n<\/td>\n<td width=\"114\">\n<h4 style=\"text-align: center;\">De 18 a 19<\/h4>\n<h4 style=\"text-align: center;\"><\/h4>\n<h4 style=\"text-align: center;\">De 18 a 19<\/h4>\n<\/td>\n<td width=\"114\">\n<h4 style=\"text-align: center;\"><strong>Complex poliesportiu l&#8217;11 <\/strong><strong>C\/Bonaventura pedemonte s\/n<\/strong><\/h4>\n<h4 style=\"text-align: center;\"><strong>Poliesportiu de la Comand\u00e0ncia de la Gu\u00e0rdia C\u00edvil<\/strong><\/h4>\n<\/td>\n<td width=\"114\">\n<h4 style=\"text-align: center;\"><\/h4>\n<h4 style=\"text-align: center;\"><\/h4>\n<\/td>\n<\/tr>\n<tr>\n<td width=\"114\">\n<h4 style=\"text-align: center;\"><strong>Juvenil mascul\u00ed<\/strong><\/h4>\n<h4 style=\"text-align: center;\">(2004 &#8211; 2007)<\/h4>\n<\/td>\n<td width=\"114\">\n<h4 style=\"text-align: center;\">Dimecres<\/h4>\n<h4 style=\"text-align: center;\"><\/h4>\n<h4 style=\"text-align: center;\">Dilluns i Divendres<\/h4>\n<\/td>\n<td width=\"114\">\n<h4 style=\"text-align: center;\">Por determinar<\/h4>\n<\/td>\n<td width=\"114\">\n<h4 style=\"text-align: center;\"><strong>Complex poliesportiu l&#8217;11 <\/strong><strong>C\/Bonaventura pedemonte s\/n<\/strong><\/h4>\n<h4 style=\"text-align: center;\"><strong>Poliesportiu de la Comand\u00e0ncia de la Gu\u00e0rdia C\u00edvil<\/strong><\/h4>\n<\/td>\n<td width=\"114\">\n<h4 style=\"text-align: center;\"><\/h4>\n<h4 style=\"text-align: center;\"><\/h4>\n<\/td>\n<\/tr>\n<tr>\n<td width=\"114\">\n<h4 style=\"text-align: center;\"><strong>Senior Mascul\u00ed<\/strong><\/h4>\n<\/td>\n<td width=\"114\">\n<h4 style=\"text-align: center;\">Dilluns i Dimecres<\/h4>\n<h4 style=\"text-align: center;\"><\/h4>\n<h4 style=\"text-align: center;\">Divendres<\/h4>\n<\/td>\n<td width=\"114\">\n<h4 style=\"text-align: center;\">De 21 a 22:30<\/h4>\n<h4 style=\"text-align: center;\"><\/h4>\n<h4 style=\"text-align: center;\">De 20:30 a 22<\/h4>\n<\/td>\n<td width=\"114\">\n<h4 style=\"text-align: center;\"><strong>Complex poliesportiu l&#8217;11 <\/strong><strong>C\/Bonaventura pedemonte s\/n<\/strong><\/h4>\n<h4 style=\"text-align: center;\"><strong>Poliesportiu de la Comand\u00e0ncia de la Gu\u00e0rdia C\u00edvil<\/strong><\/h4>\n<\/td>\n<td width=\"114\">\n<h4 style=\"text-align: center;\">\u00a0<strong>Tercera Catalana Senior Mascul\u00ed<\/strong><\/h4>\n<\/td>\n<\/tr>\n<\/tbody>\n<\/table>","protected":false},"excerpt":{"rendered":"<p>Temporada 2021-2022 &nbsp; &nbsp; Equips Dies Horari Pista d&#8217;entrenamient Competici\u00f3 Prebenjam\u00ed mixte (2014-2015) Dimecres &nbsp; Dilluns i Divendres De 18 a 19 De 18 a 19 Complex poliesportiu l&#8217;11 C\/Bonaventura pedemonte s\/n Poliesportiu de la Comand\u00e0ncia de la Gu\u00e0rdia C\u00edvil Benjam\u00ed mixte (2012 &#8211; 2013) Dimecres &nbsp; Dilluns i Divendres De 18 a 19 De [&hellip;]<\/p>","protected":false},"author":3,"featured_media":0,"parent":0,"menu_order":0,"comment_status":"closed","ping_status":"closed","template":"","meta":{"_et_pb_use_builder":"","_et_pb_old_content":"","_et_gb_content_width":"","footnotes":""},"class_list":["post-1165","page","type-page","status-publish","hentry"],"aioseo_notices":[],"_links":{"self":[{"href":"https:\/\/chsab.es\/ca\/wp-json\/wp\/v2\/pages\/1165"}],"collection":[{"href":"https:\/\/chsab.es\/ca\/wp-json\/wp\/v2\/pages"}],"about":[{"href":"https:\/\/chsab.es\/ca\/wp-json\/wp\/v2\/types\/page"}],"author":[{"embeddable":true,"href":"https:\/\/chsab.es\/ca\/wp-json\/wp\/v2\/users\/3"}],"replies":[{"embeddable":true,"href":"https:\/\/chsab.es\/ca\/wp-json\/wp\/v2\/comments?post=1165"}],"version-history":[{"count":9,"href":"https:\/\/chsab.es\/ca\/wp-json\/wp\/v2\/pages\/1165\/revisions"}],"predecessor-version":[{"id":1206,"href":"https:\/\/chsab.es\/ca\/wp-json\/wp\/v2\/pages\/1165\/revisions\/1206"}],"wp:attachment":[{"href":"https:\/\/chsab.es\/ca\/wp-json\/wp\/v2\/media?parent=1165"}],"curies":[{"name":"wp","href":"https:\/\/api.w.org\/{rel}","templated":true}]}}